{"id":3000,"date":"2012-10-25T12:36:21","date_gmt":"2012-10-25T10:36:21","guid":{"rendered":"http:\/\/studiodentisticovignoletti.it\/trattamenti\/"},"modified":"2023-05-11T17:17:25","modified_gmt":"2023-05-11T15:17:25","slug":"trattamenti","status":"publish","type":"page","link":"https:\/\/studiodentisticovignoletti.it\/en\/trattamenti\/","title":{"rendered":"Treatments"},"content":{"rendered":"<div id=\"cs-content\" class=\"cs-content\"><\/div>\n","protected":false},"excerpt":{"rendered":"<p>&nbsp;TREATMENTSPERIODONTICSFind out moreIMPLANT DENTISTRYFind out moreearly diagnosisFind out morepaediatric dentistryFind out moreorthodonticsFind out morecosmetic dentistryFind out morehygiene and preventionFind out moreconservative dentistryFind out moreendodonticsFind out moredental prosthesisFind out moreoral surgeryFind out moreI NOSTRI TRATTAMENTIPARODONTOLOGIAScopri di pi\u00f9IMPLANTOLOGIAScopri di pi\u00f9MEDICINA ESTETICAScopri di pi\u00f9DIAGNOSI PRECOCEScopri di pi\u00f9ODONTOIATRIA PEDIATRICAScopri di pi\u00f9ORTODONZIAScopri di pi\u00f9COSMETICA DENTALEScopri di pi\u00f9IGIENE E PREVENZIONEScopri di pi\u00f9CONSERVATIVAScopri di pi\u00f9ENDODONZIAScopri di pi\u00f9PROTESIScopri &#8230; <\/p>\n<div><a href=\"https:\/\/studiodentisticovignoletti.it\/en\/coronavirus-quali-sono-le-norme-igieniche-da-rispettare\/\" class=\"more-link\">Read More<\/a><\/div>\n","protected":false},"author":1,"featured_media":0,"parent":0,"menu_order":0,"comment_status":"open","ping_status":"open","template":"template-blank-4.php","meta":{"ngg_post_thumbnail":0,"footnotes":""},"class_list":["post-3000","page","type-page","status-publish","hentry","no-post-thumbnail"],"yoast_head":"<!-- This site is optimized with the Yoast SEO plugin v27.1.1 - https:\/\/yoast.com\/product\/yoast-seo-wordpress\/ -->\n<title>Treatments - Studio Dentistico Vignoletti - Dentista Verona<\/title>\n<meta name=\"description\" content=\"Scopri i numerosi servizi offerti dallo Studio Dentistico Vignoletti\" \/>\n<meta name=\"robots\" content=\"index, follow, max-snippet:-1, max-image-preview:large, max-video-preview:-1\" \/>\n<link rel=\"canonical\" href=\"https:\/\/studiodentisticovignoletti.it\/en\/trattamenti\/\" \/>\n<meta property=\"og:locale\" content=\"en_US\" \/>\n<meta property=\"og:type\" content=\"article\" \/>\n<meta property=\"og:title\" content=\"Treatments - Studio Dentistico Vignoletti - Dentista Verona\" \/>\n<meta property=\"og:description\" content=\"Scopri i numerosi servizi offerti dallo Studio Dentistico Vignoletti\" \/>\n<meta property=\"og:url\" content=\"https:\/\/studiodentisticovignoletti.it\/en\/trattamenti\/\" \/>\n<meta property=\"og:site_name\" content=\"Studio Dentistico Vignoletti\" \/>\n<meta property=\"article:modified_time\" content=\"2023-05-11T15:17:25+00:00\" \/>\n<meta name=\"twitter:label1\" content=\"Est. reading time\" \/>\n\t<meta name=\"twitter:data1\" content=\"12 minutes\" \/>\n<!-- \/ Yoast SEO plugin. -->","yoast_head_json":{"title":"Treatments - Studio Dentistico Vignoletti - Dentista Verona","description":"Scopri i numerosi servizi offerti dallo Studio Dentistico Vignoletti","robots":{"index":"index","follow":"follow","max-snippet":"max-snippet:-1","max-image-preview":"max-image-preview:large","max-video-preview":"max-video-preview:-1"},"canonical":"https:\/\/studiodentisticovignoletti.it\/en\/trattamenti\/","og_locale":"en_US","og_type":"article","og_title":"Treatments - Studio Dentistico Vignoletti - Dentista Verona","og_description":"Scopri i numerosi servizi offerti dallo Studio Dentistico Vignoletti","og_url":"https:\/\/studiodentisticovignoletti.it\/en\/trattamenti\/","og_site_name":"Studio Dentistico Vignoletti","article_modified_time":"2023-05-11T15:17:25+00:00","twitter_misc":{"Est. reading time":"12 minutes"},"schema":{"@context":"https:\/\/schema.org","@graph":[{"@type":"WebPage","@id":"https:\/\/studiodentisticovignoletti.it\/en\/trattamenti\/","url":"https:\/\/studiodentisticovignoletti.it\/en\/trattamenti\/","name":"Treatments - Studio Dentistico Vignoletti - Dentista Verona","isPartOf":{"@id":"https:\/\/studiodentisticovignoletti.it\/#website"},"datePublished":"2012-10-25T10:36:21+00:00","dateModified":"2023-05-11T15:17:25+00:00","description":"Scopri i numerosi servizi offerti dallo Studio Dentistico Vignoletti","breadcrumb":{"@id":"https:\/\/studiodentisticovignoletti.it\/en\/trattamenti\/#breadcrumb"},"inLanguage":"en-US","potentialAction":[{"@type":"ReadAction","target":["https:\/\/studiodentisticovignoletti.it\/en\/trattamenti\/"]}]},{"@type":"BreadcrumbList","@id":"https:\/\/studiodentisticovignoletti.it\/en\/trattamenti\/#breadcrumb","itemListElement":[{"@type":"ListItem","position":1,"name":"Home","item":"https:\/\/studiodentisticovignoletti.it\/en\/home\/"},{"@type":"ListItem","position":2,"name":"Treatments"}]},{"@type":"WebSite","@id":"https:\/\/studiodentisticovignoletti.it\/#website","url":"https:\/\/studiodentisticovignoletti.it\/","name":"Studio Dentistico Vignoletti","description":"Dentista Verona","publisher":{"@id":"https:\/\/studiodentisticovignoletti.it\/#organization"},"potentialAction":[{"@type":"SearchAction","target":{"@type":"EntryPoint","urlTemplate":"https:\/\/studiodentisticovignoletti.it\/?s={search_term_string}"},"query-input":{"@type":"PropertyValueSpecification","valueRequired":true,"valueName":"search_term_string"}}],"inLanguage":"en-US"},{"@type":"Organization","@id":"https:\/\/studiodentisticovignoletti.it\/#organization","name":"Studio Dentistico Vignoletti","url":"https:\/\/studiodentisticovignoletti.it\/","logo":{"@type":"ImageObject","inLanguage":"en-US","@id":"https:\/\/studiodentisticovignoletti.it\/#\/schema\/logo\/image\/","url":"http:\/\/studiodentisticovignoletti.it\/wp-content\/uploads\/2012\/10\/logo_sito_vignoletti_w.png","contentUrl":"http:\/\/studiodentisticovignoletti.it\/wp-content\/uploads\/2012\/10\/logo_sito_vignoletti_w.png","width":"692","height":"240","caption":"Studio Dentistico Vignoletti"},"image":{"@id":"https:\/\/studiodentisticovignoletti.it\/#\/schema\/logo\/image\/"}}]}},"_links":{"self":[{"href":"https:\/\/studiodentisticovignoletti.it\/en\/wp-json\/wp\/v2\/pages\/3000","targetHints":{"allow":["GET"]}}],"collection":[{"href":"https:\/\/studiodentisticovignoletti.it\/en\/wp-json\/wp\/v2\/pages"}],"about":[{"href":"https:\/\/studiodentisticovignoletti.it\/en\/wp-json\/wp\/v2\/types\/page"}],"author":[{"embeddable":true,"href":"https:\/\/studiodentisticovignoletti.it\/en\/wp-json\/wp\/v2\/users\/1"}],"replies":[{"embeddable":true,"href":"https:\/\/studiodentisticovignoletti.it\/en\/wp-json\/wp\/v2\/comments?post=3000"}],"version-history":[{"count":12,"href":"https:\/\/studiodentisticovignoletti.it\/en\/wp-json\/wp\/v2\/pages\/3000\/revisions"}],"predecessor-version":[{"id":3431,"href":"https:\/\/studiodentisticovignoletti.it\/en\/wp-json\/wp\/v2\/pages\/3000\/revisions\/3431"}],"wp:attachment":[{"href":"https:\/\/studiodentisticovignoletti.it\/en\/wp-json\/wp\/v2\/media?parent=3000"}],"curies":[{"name":"wp","href":"https:\/\/api.w.org\/{rel}","templated":true}]}}